{"id":16,"date":"2020-04-07T09:12:42","date_gmt":"2020-04-07T09:12:42","guid":{"rendered":"https:\/\/fuchsbauer-apartments.at\/?page_id=16"},"modified":"2025-08-21T12:53:22","modified_gmt":"2025-08-21T10:53:22","slug":"home","status":"publish","type":"page","link":"https:\/\/fuchsbauer-apartments.at\/","title":{"rendered":"Home"},"content":{"rendered":"\n\n\t\t\t\tDein perfektes Urlaubszuhause im Salzburger Land\n\t\t\t\t\t\t<h1>Willkommen im Fuchsbauer Apartment in Lenzing<\/h1>\t\t\t\t\t\n\t\t\t\t<a href=\"#kontakt\" role=\"button\" target=\"_self\">\n\t\t\t\t\t\t\t\t\t\tJetzt Apartment anfragen\n\t\t\t\t\t\t\t\t\t<\/a>\n\t\t\t\t\t\t\t\t\t\t\t\n\t\t\t<p>Genie\u00dfe den besten Urlaub im Salzburger Land: Komfortable Ferienwohnungen in Lenzing, nahe Zell am See, Leogang und Saalbach-Hinterglemm &#8211; perfekt f\u00fcr Sommer und Winter.<hr \/>\ud83d\udccd\u200b<strong>Top-Lage in Lenzing<\/strong>Im Herzen des Salzburger Landes, nahe Zell am See und den besten Skigebieten<hr \/>\ud83d\udecc\u200b <strong>Komfortable Ferienwohnung<\/strong>modern ausgestattet, ideal f\u00fcr 2-4 Personen<hr \/>\ud83d\ude97 <strong>Private Parkpl\u00e4tze<\/strong>kostenloser Parkplatz direkt am Apartment<hr \/>\ud83d\udcf6 <strong>Gratis WLAN &amp; Smart-TV<\/strong>f\u00fcr entspannte Abende nach einem aktiven Tag<\/p>\t\t\n\t\t\t\tApartment-Details\n\t\t\t\t\t\t<h2>Dein Fuchsbauer Apartment in Lenzing<\/h2>\t\t\t\t\t\n\t\t\t<p>Das Fuchsbauer Apartment in Lenzing bietet dir alles f\u00fcr einen entspannten Urlaub im Salzburger Land. Mit einer Top-Lage und allen Annehmlichkeiten ausgestattet, bist du immer nah an den besten Freizeitm\u00f6glichkeiten.<\/p>\t\t\n\t\t\t\t\t\t<figure>\n\t\t\t\t\t\t\t<img loading=\"lazy\" decoding=\"async\" src=\"https:\/\/fuchsbauer-apartments.at\/wp-content\/uploads\/fuchsbauer-apartment-wohnzimmer-1-b.jpeg\" alt=\"\" srcset=\"https:\/\/fuchsbauer-apartments.at\/wp-content\/uploads\/fuchsbauer-apartment-wohnzimmer-1-b.jpeg 1024w, https:\/\/fuchsbauer-apartments.at\/wp-content\/uploads\/fuchsbauer-apartment-wohnzimmer-1-b-300x225.jpeg 300w, https:\/\/fuchsbauer-apartments.at\/wp-content\/uploads\/fuchsbauer-apartment-wohnzimmer-1-b-768x576.jpeg 768w\" width=\"1024\" height=\"768\" \/>\n\t\t\t\t\t\t\t\t\t\t\t\t\t<\/figure>\n\t\t\t\t\t\t<figure>\n\t\t\t\t\t\t\t<img loading=\"lazy\" decoding=\"async\" src=\"https:\/\/fuchsbauer-apartments.at\/wp-content\/uploads\/fuchsbauer-apartment-badezimmer-1-b.jpeg\" alt=\"\" srcset=\"https:\/\/fuchsbauer-apartments.at\/wp-content\/uploads\/fuchsbauer-apartment-badezimmer-1-b.jpeg 1024w, https:\/\/fuchsbauer-apartments.at\/wp-content\/uploads\/fuchsbauer-apartment-badezimmer-1-b-300x200.jpeg 300w, https:\/\/fuchsbauer-apartments.at\/wp-content\/uploads\/fuchsbauer-apartment-badezimmer-1-b-768x512.jpeg 768w\" width=\"1024\" height=\"683\" \/>\n\t\t\t\t\t\t\t\t\t\t\t\t\t<\/figure>\n\t\t\t\t\t\t<figure>\n\t\t\t\t\t\t\t<img loading=\"lazy\" decoding=\"async\" src=\"https:\/\/fuchsbauer-apartments.at\/wp-content\/uploads\/fuchsbauer-apartment-schlafzimmer-2-b.jpeg\" alt=\"\" srcset=\"https:\/\/fuchsbauer-apartments.at\/wp-content\/uploads\/fuchsbauer-apartment-schlafzimmer-2-b.jpeg 1024w, https:\/\/fuchsbauer-apartments.at\/wp-content\/uploads\/fuchsbauer-apartment-schlafzimmer-2-b-300x200.jpeg 300w, https:\/\/fuchsbauer-apartments.at\/wp-content\/uploads\/fuchsbauer-apartment-schlafzimmer-2-b-768x512.jpeg 768w\" width=\"1024\" height=\"683\" \/>\n\t\t\t\t\t\t\t\t\t\t\t\t\t<\/figure>\n\t\t\t\t\t\t<figure>\n\t\t\t\t\t\t\t<img loading=\"lazy\" decoding=\"async\" src=\"https:\/\/fuchsbauer-apartments.at\/wp-content\/uploads\/fuchsbauer-apartment-kueche-1-b.jpeg\" alt=\"\" srcset=\"https:\/\/fuchsbauer-apartments.at\/wp-content\/uploads\/fuchsbauer-apartment-kueche-1-b.jpeg 1024w, https:\/\/fuchsbauer-apartments.at\/wp-content\/uploads\/fuchsbauer-apartment-kueche-1-b-300x200.jpeg 300w, https:\/\/fuchsbauer-apartments.at\/wp-content\/uploads\/fuchsbauer-apartment-kueche-1-b-768x512.jpeg 768w\" width=\"1024\" height=\"683\" \/>\n\t\t\t\t\t\t\t\t\t\t\t\t\t<\/figure>\n\t\t\t\t\t\t<figure>\n\t\t\t\t\t\t\t<img loading=\"lazy\" decoding=\"async\" src=\"https:\/\/fuchsbauer-apartments.at\/wp-content\/uploads\/fuchsbauer-apartment-wohnzimmer-1-d.jpeg\" alt=\"\" srcset=\"https:\/\/fuchsbauer-apartments.at\/wp-content\/uploads\/fuchsbauer-apartment-wohnzimmer-1-d.jpeg 1024w, https:\/\/fuchsbauer-apartments.at\/wp-content\/uploads\/fuchsbauer-apartment-wohnzimmer-1-d-300x200.jpeg 300w, https:\/\/fuchsbauer-apartments.at\/wp-content\/uploads\/fuchsbauer-apartment-wohnzimmer-1-d-768x512.jpeg 768w\" width=\"1024\" height=\"683\" \/>\n\t\t\t\t\t\t\t\t\t\t\t\t\t<\/figure>\n\t\t\t\t\t\t<figure>\n\t\t\t\t\t\t\t<img loading=\"lazy\" decoding=\"async\" src=\"https:\/\/fuchsbauer-apartments.at\/wp-content\/uploads\/fuchsbauer-apartment-veranda-1-a.jpeg\" alt=\"\" srcset=\"https:\/\/fuchsbauer-apartments.at\/wp-content\/uploads\/fuchsbauer-apartment-veranda-1-a.jpeg 1024w, https:\/\/fuchsbauer-apartments.at\/wp-content\/uploads\/fuchsbauer-apartment-veranda-1-a-300x225.jpeg 300w, https:\/\/fuchsbauer-apartments.at\/wp-content\/uploads\/fuchsbauer-apartment-veranda-1-a-768x576.jpeg 768w\" width=\"1024\" height=\"768\" \/>\n\t\t\t\t\t\t\t\t\t\t\t\t\t<\/figure>\n\t\t\t\t\t\t<figure>\n\t\t\t\t\t\t\t<img loading=\"lazy\" decoding=\"async\" src=\"https:\/\/fuchsbauer-apartments.at\/wp-content\/uploads\/fuchsbauer-apartment-wohnzimmer-1-a.jpeg\" alt=\"\" srcset=\"https:\/\/fuchsbauer-apartments.at\/wp-content\/uploads\/fuchsbauer-apartment-wohnzimmer-1-a.jpeg 1024w, https:\/\/fuchsbauer-apartments.at\/wp-content\/uploads\/fuchsbauer-apartment-wohnzimmer-1-a-300x225.jpeg 300w, https:\/\/fuchsbauer-apartments.at\/wp-content\/uploads\/fuchsbauer-apartment-wohnzimmer-1-a-768x576.jpeg 768w\" width=\"1024\" height=\"768\" \/>\n\t\t\t\t\t\t\t\t\t\t\t\t\t<\/figure>\n\t\t\t\t\t\t<figure>\n\t\t\t\t\t\t\t<img loading=\"lazy\" decoding=\"async\" src=\"https:\/\/fuchsbauer-apartments.at\/wp-content\/uploads\/fuchsbauer-apartment-badezimmer-1-a.jpeg\" alt=\"\" srcset=\"https:\/\/fuchsbauer-apartments.at\/wp-content\/uploads\/fuchsbauer-apartment-badezimmer-1-a.jpeg 768w, https:\/\/fuchsbauer-apartments.at\/wp-content\/uploads\/fuchsbauer-apartment-badezimmer-1-a-225x300.jpeg 225w\" width=\"768\" height=\"1024\" \/>\n\t\t\t\t\t\t\t\t\t\t\t\t\t<\/figure>\n\t\t\t\t\t<!-- navigation arrows -->\n\t\t<button aria-label=\"zur\u00fcck\" role=\"button\" tabindex=\"0\">\n\t\t\t\t\t<\/button>\n\t\t<button aria-label=\"vor\" role=\"button\" tabindex=\"0\">\n\t\t\t\t\t<\/button>\n\t\t\t\t<h3>\n\t\t\tApartment-\u00dcbersicht:\t<\/h3>\n\t<ul>\n\t\t\t<li>\n\t\t\t\t2 Schlafzimmer &#8211; ideal f\u00fcr Paare oder kleine Familien\n\t\t\t<\/li>\n\t\t\t<li>\n\t\t\t\t1 Badezimmer &#8211; modern und voll ausgestattet\n\t\t\t<\/li>\n\t\t\t<li>\n\t\t\t\tK\u00fcche &#8211; modern und voll ausgestattet\n\t\t\t<\/li>\n\t\t\t<li>\n\t\t\t\tBalkon &#8211; mit sch\u00f6ner Aussicht\n\t\t\t<\/li>\n\t\t\t<li>\n\t\t\t\tPrivate Parkm\u00f6glichkeiten &#8211; f\u00fcr deinen Komfort und Sicherheit\n\t\t\t<\/li>\n\t\t<\/ul>\n\t\t\t\t\t\t\t\t\t\t\t\n\t\t\t\t<a href=\"#kontakt\" role=\"button\" target=\"_self\">\n\t\t\t\t\t\t\t\t\t\tJetzt Apartment anfragen\n\t\t\t\t\t\t\t\t\t<\/a>\n\t\t\t\tSommerurlaub Lenzing, Wandern Salzburger Land, Radfahren Leogang\n\t\t\t\t\t\t<h2>Sommerurlaub im Salzburger Land<\/h2>\t\t\t\t\t\n\t\t\t<p>Das Fuchsbauer Apartment in Lenzing bietet dir alles f\u00fcr einen entspannten Urlaub im Salzburger Land. Mit einer Top-Lage und allen Annehmlichkeiten ausgestattet, bist du immer nah an den besten Freizeitm\u00f6glichkeiten.<\/p>\t\t\n\t\t\t\t\t\t\t\t\t\t\t\t<img decoding=\"async\" src=\"https:\/\/fuchsbauer-apartments.at\/wp-content\/uploads\/wandern.jpeg\" alt=\"Wandern und Radfahren in den Alpen\" \/>\n\t\t\t\t\t\t\t\t<h3>Wandern und Radfahren in den Alpen<\/h3>\n\t\t\t\t\t\t\t\t\t\t\t\t<img decoding=\"async\" src=\"https:\/\/fuchsbauer-apartments.at\/wp-content\/uploads\/dimitris-kiriakakis-iRKNl3dUgi4-unsplash-1.jpg\" alt=\"Badeseen und Bootfahren in der N\u00e4he\" \/>\n\t\t\t\t\t\t\t\t<h3>Badeseen und Bootfahren in der N\u00e4he<\/h3>\n\t\t\t\t\t\t\t\t\t\t\t\t<img decoding=\"async\" src=\"https:\/\/fuchsbauer-apartments.at\/wp-content\/uploads\/jens-schwan-3TJb42hVzKQ-unsplash-scaled.webp\" alt=\"Mountainbiken und Outdoor-Abenteuer\" \/>\n\t\t\t\t\t\t\t\t<h3>Mountainbiken und Outdoor-Abenteuer<\/h3>\n\t\t\t\tWinterurlaub Lenzing, Skifahren Saalbach, Ski amad\u00e9\n\t\t\t\t\t\t<h2>Winterurlaub im Salzburger Land<\/h2>\t\t\t\t\t\n\t\t\t\t\t\t\t\t\t\t\t\t<img decoding=\"async\" src=\"https:\/\/fuchsbauer-apartments.at\/wp-content\/uploads\/bjorn-agerbeek-4vf29_QJ-rQ-unsplash.webp\" alt=\"Ski fahren in Zell am See, Leogang und Saalbach-Hinterglemm\" \/>\n\t\t\t\t\t\t\t\t<h3>Ski fahren in Zell am See, Leogang und Saalbach-Hinterglemm<\/h3>\n\t\t\t\t\t\t\t\t\t\t\t\t<img decoding=\"async\" src=\"https:\/\/fuchsbauer-apartments.at\/wp-content\/uploads\/langlaufen.jpeg\" alt=\"Langlaufen und Winterwandern\" \/>\n\t\t\t\t\t\t\t\t<h3>Langlaufen und Winterwandern<\/h3>\n\t\t\t\t\t\t\t\t\t\t\t\t<img decoding=\"async\" src=\"https:\/\/fuchsbauer-apartments.at\/wp-content\/uploads\/walleggalm.jpg\" alt=\"Apr\u00e8s-Ski und gem\u00fctliche H\u00fctten\" \/>\n\t\t\t\t\t\t\t\t<h3>Apr\u00e8s-Ski und gem\u00fctliche H\u00fctten<\/h3>\n\t\t\t\tLage &#038; Umgebung\n\t\t\t\t\t\t<h2>Perfekte Lage im Salzburger Land<\/h2>\t\t\t\t\t\n\t\t\t<p>Lenzing ist der perfekte Ausgangspunkt f\u00fcr deinen Urlaub im Salzburger Land. Du bist in unmittelbarer N\u00e4he zu Zell am See, Leogang, Saalbach-Hinterglemm und dem Kitzsteinhorn. Die Umgebung bietet zahlreiche Freizeitm\u00f6glichkeiten, sowohl im Sommer als auch im Winter.<\/p>\t\t\n\t\t\t\t<a href=\"#kontakt\" role=\"button\" target=\"_self\">\n\t\t\t\t\t\t\t\t\t\tAnfahrt planen\n\t\t\t\t\t\t\t\t\t<\/a>\n\t\t\t\t\t\t<h2>Kontakt und Anfahrt<\/h2>\t\t\t\t\t\n<form>\n\t<input type=\"hidden\" name=\"fl-layout-id\" value=\"16\" \/>\n    \t\t<label for=\"pp-name-\">Name<\/label>\n    \t\tBitte gib Deinen Namen ein.\n    \t\t<input type=\"text\" name=\"pp-name\" id=\"pp-name-\" value=\"\" placeholder=\"Name\"  \/>\n    \t\t<label for=\"pp-email-\">Email<\/label>\n    \t\tBitte gib eine valide E-Mail Adresse an.\n    \t\t<input type=\"email\" name=\"pp-email\" id=\"pp-email-\" value=\"\" placeholder=\"Email\"  \/>\n    \t\t<label for=\"pp-phone-\">Phone<\/label>\n    \t\tBitte gib eine g\u00fcltige Telefonnummer an.\n    \t\t<input type=\"tel\" name=\"pp-phone\" id=\"pp-phone-\" value=\"\" placeholder=\"Phone\"  \/>\n    \t\t<label for=\"pp-subject-\">Subject<\/label>\n    \t\tBitte geben Sie einen Betreff ein.\n    \t\t<input type=\"text\" name=\"pp-subject\" id=\"pp-subject-\" value=\"\" placeholder=\"Subject\"  \/>\n    \t\t<label for=\"pp-message-\">Your Message<\/label>\n    \t\tPlease type your message.\n    \t\t<textarea name=\"pp-message\" id=\"pp-message-\" placeholder=\"Your Message\"><\/textarea>\n    \t<a href=\"#\" target=\"_self\" role=\"button\">\n    \t\t    \t\t    \t\tSenden\n    \t\t    \t\t    \t<\/a>\n\t\t\tNachricht gesendet!\n\t\t\tVersand fehlgeschlagen. Bitte versuche es noch einmal.\n<\/form>\n\t<iframe src=\"https:\/\/www.google.com\/maps\/embed?pb=!1m18!1m12!1m3!1d5342.1455496049775!2d13.600068348743289!3d47.97365168490312!2m3!1f0!2f0!3f0!3m2!1i1024!2i768!4f13.1!3m3!1m2!1s0x477401592fef0ddb%3A0xf3f868dce218504a!2s4860%20Lenzing!5e0!3m2!1sde!2sat!4v1755617159119!5m2!1sde!2sat\" width=\"100%\" height=\"400\" allowfullscreen=\"\" loading=\"lazy\" referrerpolicy=\"no-referrer-when-downgrade\"><\/iframe>\n\n","protected":false},"excerpt":{"rendered":"<p>Dein perfektes Urlaubszuhause im Salzburger Land Willkommen im Fuchsbauer Apartment in Lenzing Jetzt Apartment anfragen Genie\u00dfe den besten Urlaub im Salzburger Land: Komfortable Ferienwohnungen in Lenzing, nahe Zell am See, Leogang und Saalbach-Hinterglemm &#8211; perfekt f\u00fcr Sommer und Winter. \ud83d\udccd\u200bTop-Lage in LenzingIm Herzen des Salzburger Landes, nahe Zell am See und den besten Skigebieten \ud83d\udecc\u200b [&hellip;]<\/p>\n","protected":false},"author":5,"featured_media":0,"parent":0,"menu_order":0,"comment_status":"closed","ping_status":"closed","template":"","meta":{"footnotes":""},"class_list":["post-16","page","type-page","status-publish","hentry","wpbf-post"],"_links":{"self":[{"href":"https:\/\/fuchsbauer-apartments.at\/index.php?rest_route=\/wp\/v2\/pages\/16","targetHints":{"allow":["GET"]}}],"collection":[{"href":"https:\/\/fuchsbauer-apartments.at\/index.php?rest_route=\/wp\/v2\/pages"}],"about":[{"href":"https:\/\/fuchsbauer-apartments.at\/index.php?rest_route=\/wp\/v2\/types\/page"}],"author":[{"embeddable":true,"href":"https:\/\/fuchsbauer-apartments.at\/index.php?rest_route=\/wp\/v2\/users\/5"}],"replies":[{"embeddable":true,"href":"https:\/\/fuchsbauer-apartments.at\/index.php?rest_route=%2Fwp%2Fv2%2Fcomments&post=16"}],"version-history":[{"count":47,"href":"https:\/\/fuchsbauer-apartments.at\/index.php?rest_route=\/wp\/v2\/pages\/16\/revisions"}],"predecessor-version":[{"id":210,"href":"https:\/\/fuchsbauer-apartments.at\/index.php?rest_route=\/wp\/v2\/pages\/16\/revisions\/210"}],"wp:attachment":[{"href":"https:\/\/fuchsbauer-apartments.at\/index.php?rest_route=%2Fwp%2Fv2%2Fmedia&parent=16"}],"curies":[{"name":"wp","href":"https:\/\/api.w.org\/{rel}","templated":true}]}}